{"id":8,"date":"2016-06-13T07:45:38","date_gmt":"2016-06-13T07:45:38","guid":{"rendered":"https:\/\/assemble.qodeinteractive.com\/?page_id=8"},"modified":"2023-09-04T18:39:31","modified_gmt":"2023-09-04T18:39:31","slug":"home-1","status":"publish","type":"page","link":"https:\/\/jules-naeht.de\/","title":{"rendered":"Home"},"content":{"rendered":"<section class=\"wpb-content-wrapper\"><p>[vc_row row_content_width=&#8220;grid&#8220; content_text_aligment=&#8220;&#8220; use_row_as_full_screen_section=&#8220;no&#8220; css=&#8220;.vc_custom_1691935528516{padding-top: 65px !important;padding-bottom: 0px !important;}&#8220;][vc_column][vc_separator color=&#8220;black&#8220; css=&#8220;.vc_custom_1691935520039{padding-top: 0px !important;}&#8220;][\/vc_column][\/vc_row][vc_row content_text_aligment=&#8220;&#8220; use_row_as_full_screen_section=&#8220;no&#8220; css=&#8220;.vc_custom_1691935430738{padding-top: 5px !important;padding-bottom: 0px !important;}&#8220;][vc_column][vc_row_inner row_content_width=&#8220;grid&#8220; content_text_aligment=&#8220;&#8220; css=&#8220;.vc_custom_1466607936538{margin-right: -20px !important;margin-left: -20px !important;}&#8220;][vc_column_inner css=&#8220;.vc_custom_1468416140285{padding-right: 20px !important;padding-left: 20px !important;}&#8220; offset=&#8220;vc_col-lg-5&#8243;][vc_empty_space height=&#8220;33&#8243;]<div class=\"edgtf-elements-holder edgtf-one-column edgtf-responsive-mode-768\" ><div class=\"edgtf-eh-item edgtf-vertical-alignment-middle edgtf-horizontal-alignment-left\" style=\"background-image: url(https:\/\/jules-naeht.de\/wp-content\/uploads\/2023\/08\/IMG_3073.jpg)\" data-item-class=\"edgtf-eh-custom-112404\">\n\t<div class=\"edgtf-eh-item-inner\">\n\t\t<div class=\"edgtf-eh-item-content edgtf-eh-custom-112404\" style=\"padding: 51% 0 49% 0\">\n\t\t\t[vc_empty_space height=&#8220;10&#8243;]\t\t<\/div>\n\t<\/div>\n<\/div><\/div>[vc_empty_space height=&#8220;62&#8243;][\/vc_column_inner][vc_column_inner css=&#8220;.vc_custom_1468416147212{padding-right: 20px !important;padding-left: 20px !important;}&#8220; offset=&#8220;vc_col-lg-7&#8243;][vc_empty_space][vc_column_text]<\/p>\n<h4><strong>Hi, ich bin Julia<\/strong><\/h4>\n<p>und n\u00e4he f\u00fcr die lieben Kleinen super sch\u00f6ne Outfits.<\/p>\n<p>Sch\u00f6n, dass du da bist. Dann erz\u00e4hle ich dir gerne von mir und meiner Arbeit.<\/p>\n<p>Mein Name ist Julia Falter, ich bin 1994 geboren und lebe in der wundersch\u00f6nen Eifel. Hier in meinem Heimatort Simmerath-Strauch n\u00e4he ich mit viel Freude Baby- und Kinderbekleidung.<\/p>\n<p>Was als Hobby und Ausgleich zum Job angefangen hat, w\u00e4chst mit gro\u00dfer Leidenschaft zu Gr\u00f6\u00dferem heran.<\/p>\n<p>Mit dem Gen versehen, das meine Gro\u00dfmutter mir als Schneidermeisterin vererbte und angespornt von vielen begeisterten Kund*innen m\u00f6chte ich dir hier vorstellen, was du bei mir finden kannst. Schau dich gerne um.<\/p>\n<p>Jedes Teil wird mit viel Herz und Liebe in Handarbeit von mir gen\u00e4ht.[\/vc_column_text][vc_empty_space height=&#8220;50&#8243;][\/vc_column_inner][\/vc_row_inner][\/vc_column][\/vc_row][vc_row row_content_width=&#8220;grid&#8220; content_text_aligment=&#8220;&#8220; use_row_as_full_screen_section=&#8220;no&#8220; css=&#8220;.vc_custom_1691767859613{padding-top: 0px !important;padding-bottom: 70px !important;}&#8220;][vc_column][vc_separator color=&#8220;black&#8220;][vc_column_text css=&#8220;.vc_custom_1691999196673{padding-top: 25px !important;}&#8220;]Bestellanfragen kannst Du gerne jederzeit \u00fcber das Kontaktformular oder direkt per E-Mail senden. Da alle Artikel nach Bestellung extra f\u00fcr Dich angefertigt werden, liegt die Lieferzeit zurzeit bei ca.2-3 Wochen. Falls Du Artikel fr\u00fcher ben\u00f6tigst, schreibe mir dies gerne per E-Mail oder schaue in die Kategorie \u201eSofortk\u00e4ufe\u201c, hier sind alle Artikel sofort versandbereit\/abholbereit.<\/p>\n<p>[\/vc_column_text][vc_separator color=&#8220;black&#8220; css=&#8220;.vc_custom_1691936829451{padding-top: 30px !important;}&#8220;][vc_column_text css=&#8220;.vc_custom_1691936796355{padding-top: 25px !important;}&#8220;]<\/p>\n<h3 style=\"text-align: center;\">Aktuelle Styles<\/h3>\n<p>[\/vc_column_text]<div class=\"edgtf-portfolio-list-holder edgtf-pl-masonry edgtf-pl-three-columns edgtf-pl-normal-space edgtf-pl-info-below-image edgtf-pl-hover-switch-image edgtf-pl-has-filter\"  data-next-page=\"2\" data-type=\"masonry\" data-number-of-columns=\"3\" data-space-between-items=\"normal\" data-number-of-items=\"-1\" data-image-proportions=\"square\" data-category=\"favoriten\" data-order-by=\"menu_order\" data-order=\"ASC\" data-info-position=\"below-image\" data-image-hover-type2=\"switch-image\" data-disable-title=\"no\" data-title-tag=\"h4\" data-disable-category=\"yes\" data-disable-excerpt=\"no\" data-excerpt-length=\"25\" data-show-load-more=\"no\" data-enable-infinite-scroll=\"no\" data-filter=\"yes\" data-filter-order-by=\"name\" data-enable-article-animation=\"no\" data-enable-variable-width=\"no\" data-pagination=\"yes\" data-max-num-pages=\"0\"><div class=\"edgtf-pl-filter-holder\">\n\t<div class=\"edgtf-plf-inner\">\n\t\t\t<\/div>\n<\/div><div class=\"edgtf-pl-inner clearfix\"><div class=\"edgtf-pl-grid-sizer\"><\/div><div class=\"edgtf-pl-grid-gutter\"><\/div><article class=\"edgtf-pl-item edgtf-pl-no-switch-image post-5403 portfolio-item type-portfolio-item status-publish has-post-thumbnail hentry portfolio-category-favoriten portfolio-category-geschenkideen portfolio-category-sets\">\n\t<div class=\"edgtf-pl-item-inner\">\n\t\t<div class=\"edgtf-pli-image\">\n\t\t\t\t\t\t\t<img loading=\"lazy\" decoding=\"async\" width=\"600\" height=\"600\" src=\"https:\/\/i0.wp.com\/jules-naeht.de\/wp-content\/uploads\/2023\/08\/ROJI7854.jpg?resize=600%2C600&amp;ssl=1\" class=\"attachment-assemble_edge_square size-assemble_edge_square wp-post-image\" alt=\"\" srcset=\"https:\/\/i0.wp.com\/jules-naeht.de\/wp-content\/uploads\/2023\/08\/ROJI7854.jpg?resize=150%2C150&amp;ssl=1 150w, https:\/\/i0.wp.com\/jules-naeht.de\/wp-content\/uploads\/2023\/08\/ROJI7854.jpg?resize=600%2C600&amp;ssl=1 600w, https:\/\/i0.wp.com\/jules-naeht.de\/wp-content\/uploads\/2023\/08\/ROJI7854.jpg?zoom=2&amp;resize=600%2C600&amp;ssl=1 1200w, https:\/\/i0.wp.com\/jules-naeht.de\/wp-content\/uploads\/2023\/08\/ROJI7854.jpg?zoom=3&amp;resize=600%2C600&amp;ssl=1 1800w\" sizes=\"auto, (max-width: 600px) 100vw, 600px\" \/>\t\t\t\t\t\t\t\t\t<\/div>\n\t\t\t\t\t<div class=\"edgtf-pli-text-holder\" >\n\t\t\t\t<div class=\"edgtf-pli-text-wrapper\">\n\t\t\t\t\t<div class=\"edgtf-pli-text\" >\n\t\t\t\t\t\t\t\t\t\t\t\t\t\t\t\t\t\t\t<h4 itemprop=\"name\" class=\"edgtf-pli-title entry-title\" >\n\t\t\t\t\t\t\t\tSet Beige\t\t\t\t\t\t\t<\/h4>\n\t\t\t\t\t\t\n\t\t\t\t\t\t\t\t\t\t\t\n\t\t\t\t\t\t\t\t\t\t\t\t\t<p itemprop=\"description\" class=\"edgtf-pli-excerpt\" >[vc_row content_text_alig<\/p>\n\t\t\t\t\t\t\t\t\t\t\t\t\t\t\t\t\t<\/div>\n\t\t\t\t<\/div>\n\t\t\t<\/div>\n\t\t\t\t<a itemprop=\"url\" class=\"edgtf-pli-link\" href=\"https:\/\/jules-naeht.de\/index.php\/portfolio-item\/set-beige\/\" target=\"_self\"><\/a>\n\t<\/div>\n<\/article><article class=\"edgtf-pl-item edgtf-pl-no-switch-image post-5404 portfolio-item type-portfolio-item status-publish has-post-thumbnail hentry portfolio-category-favoriten portfolio-category-geschenkideen portfolio-category-sets\">\n\t<div class=\"edgtf-pl-item-inner\">\n\t\t<div class=\"edgtf-pli-image\">\n\t\t\t\t\t\t\t<img loading=\"lazy\" decoding=\"async\" width=\"600\" height=\"600\" src=\"https:\/\/i0.wp.com\/jules-naeht.de\/wp-content\/uploads\/2023\/08\/PHOTO-2023-08-30-07-14-08.jpg?resize=600%2C600&amp;ssl=1\" class=\"attachment-assemble_edge_square size-assemble_edge_square wp-post-image\" alt=\"\" srcset=\"https:\/\/i0.wp.com\/jules-naeht.de\/wp-content\/uploads\/2023\/08\/PHOTO-2023-08-30-07-14-08.jpg?resize=150%2C150&amp;ssl=1 150w, https:\/\/i0.wp.com\/jules-naeht.de\/wp-content\/uploads\/2023\/08\/PHOTO-2023-08-30-07-14-08.jpg?resize=600%2C600&amp;ssl=1 600w, https:\/\/i0.wp.com\/jules-naeht.de\/wp-content\/uploads\/2023\/08\/PHOTO-2023-08-30-07-14-08.jpg?zoom=2&amp;resize=600%2C600&amp;ssl=1 1200w\" sizes=\"auto, (max-width: 600px) 100vw, 600px\" \/>\t\t\t\t\t\t\t\t\t<\/div>\n\t\t\t\t\t<div class=\"edgtf-pli-text-holder\" >\n\t\t\t\t<div class=\"edgtf-pli-text-wrapper\">\n\t\t\t\t\t<div class=\"edgtf-pli-text\" >\n\t\t\t\t\t\t\t\t\t\t\t\t\t\t\t\t\t\t\t<h4 itemprop=\"name\" class=\"edgtf-pli-title entry-title\" >\n\t\t\t\t\t\t\t\tSet Meer Gr\u00fcn\t\t\t\t\t\t\t<\/h4>\n\t\t\t\t\t\t\n\t\t\t\t\t\t\t\t\t\t\t\n\t\t\t\t\t\t\t\t\t\t\t\t\t<p itemprop=\"description\" class=\"edgtf-pli-excerpt\" >[vc_row content_text_alig<\/p>\n\t\t\t\t\t\t\t\t\t\t\t\t\t\t\t\t\t<\/div>\n\t\t\t\t<\/div>\n\t\t\t<\/div>\n\t\t\t\t<a itemprop=\"url\" class=\"edgtf-pli-link\" href=\"https:\/\/jules-naeht.de\/index.php\/portfolio-item\/set-meer-gruen\/\" target=\"_self\"><\/a>\n\t<\/div>\n<\/article><article class=\"edgtf-pl-item edgtf-pl-no-switch-image post-5405 portfolio-item type-portfolio-item status-publish has-post-thumbnail hentry portfolio-category-favoriten portfolio-category-geschenkideen portfolio-category-sets\">\n\t<div class=\"edgtf-pl-item-inner\">\n\t\t<div class=\"edgtf-pli-image\">\n\t\t\t\t\t\t\t<img loading=\"lazy\" decoding=\"async\" width=\"600\" height=\"600\" src=\"https:\/\/i0.wp.com\/jules-naeht.de\/wp-content\/uploads\/2023\/08\/IMG_2250-scaled-e1691999270661.jpg?resize=600%2C600&amp;ssl=1\" class=\"attachment-assemble_edge_square size-assemble_edge_square wp-post-image\" alt=\"\" srcset=\"https:\/\/i0.wp.com\/jules-naeht.de\/wp-content\/uploads\/2023\/08\/IMG_2250-scaled-e1691999270661.jpg?resize=150%2C150&amp;ssl=1 150w, https:\/\/i0.wp.com\/jules-naeht.de\/wp-content\/uploads\/2023\/08\/IMG_2250-scaled-e1691999270661.jpg?resize=600%2C600&amp;ssl=1 600w, https:\/\/i0.wp.com\/jules-naeht.de\/wp-content\/uploads\/2023\/08\/IMG_2250-scaled-e1691999270661.jpg?zoom=2&amp;resize=600%2C600&amp;ssl=1 1200w, https:\/\/i0.wp.com\/jules-naeht.de\/wp-content\/uploads\/2023\/08\/IMG_2250-scaled-e1691999270661.jpg?zoom=3&amp;resize=600%2C600&amp;ssl=1 1800w\" sizes=\"auto, (max-width: 600px) 100vw, 600px\" \/>\t\t\t\t\t\t\t\t\t<\/div>\n\t\t\t\t\t<div class=\"edgtf-pli-text-holder\" >\n\t\t\t\t<div class=\"edgtf-pli-text-wrapper\">\n\t\t\t\t\t<div class=\"edgtf-pli-text\" >\n\t\t\t\t\t\t\t\t\t\t\t\t\t\t\t\t\t\t\t<h4 itemprop=\"name\" class=\"edgtf-pli-title entry-title\" >\n\t\t\t\t\t\t\t\tSet Altmauve\t\t\t\t\t\t\t<\/h4>\n\t\t\t\t\t\t\n\t\t\t\t\t\t\t\t\t\t\t\n\t\t\t\t\t\t\t\t\t\t\t\t\t<p itemprop=\"description\" class=\"edgtf-pli-excerpt\" >[vc_row content_text_alig<\/p>\n\t\t\t\t\t\t\t\t\t\t\t\t\t\t\t\t\t<\/div>\n\t\t\t\t<\/div>\n\t\t\t<\/div>\n\t\t\t\t<a itemprop=\"url\" class=\"edgtf-pli-link\" href=\"https:\/\/jules-naeht.de\/index.php\/portfolio-item\/set-alt-rosa\/\" target=\"_self\"><\/a>\n\t<\/div>\n<\/article><\/div><\/div>[\/vc_column][\/vc_row]<\/p>\n<\/section>","protected":false},"excerpt":{"rendered":"<p>[vc_row row_content_width=&#8220;grid&#8220; content_text_aligment=&#8220;&#8220; use_row_as_full_screen_section=&#8220;no&#8220; css=&#8220;.vc_custom_1691935528516{padding-top: 65px !important;padding-bottom: 0px !important;}&#8220;][vc_column][vc_separator color=&#8220;black&#8220; css=&#8220;.vc_custom_1691935520039{padding-top: 0px !important;}&#8220;][\/vc_column][\/vc_row][vc_row content_text_aligment=&#8220;&#8220; use_row_as_full_screen_section=&#8220;no&#8220; css=&#8220;.vc_custom_1691935430738{padding-top: 5px !important;padding-bottom: 0px !important;}&#8220;][vc_column][vc_row_inner row_content_width=&#8220;grid&#8220; content_text_aligment=&#8220;&#8220; css=&#8220;.vc_custom_1466607936538{margin-right: -20px !important;margin-left: -20px !important;}&#8220;][vc_column_inner css=&#8220;.vc_custom_1468416140285{padding-right: 20px !important;padding-left: 20px !important;}&#8220; offset=&#8220;vc_col-lg-5&#8243;][vc_empty_space height=&#8220;33&#8243;][vc_empty_space height=&#8220;62&#8243;][\/vc_column_inner][vc_column_inner css=&#8220;.vc_custom_1468416147212{padding-right: 20px !important;padding-left: 20px !important;}&#8220; offset=&#8220;vc_col-lg-7&#8243;][vc_empty_space][vc_column_text] Hi, ich bin Julia [&hellip;]<\/p>\n","protected":false},"author":1,"featured_media":0,"parent":0,"menu_order":0,"comment_status":"closed","ping_status":"closed","template":"full-width.php","meta":{"footnotes":""},"class_list":["post-8","page","type-page","status-publish","hentry"],"yoast_head":"<!-- This site is optimized with the Yoast SEO plugin v27.1.1 - https:\/\/yoast.com\/product\/yoast-seo-wordpress\/ -->\n<title>Home - Jules Naeht<\/title>\n<meta name=\"robots\" content=\"index, follow, max-snippet:-1, max-image-preview:large, max-video-preview:-1\" \/>\n<link rel=\"canonical\" href=\"https:\/\/jules-naeht.de\/\" \/>\n<meta property=\"og:locale\" content=\"de_DE\" \/>\n<meta property=\"og:type\" content=\"article\" \/>\n<meta property=\"og:title\" content=\"Home - Jules Naeht\" \/>\n<meta property=\"og:description\" content=\"[vc_row row_content_width=&#8220;grid&#8220; content_text_aligment=&#8220;&#8220; use_row_as_full_screen_section=&#8220;no&#8220; css=&#8220;.vc_custom_1691935528516{padding-top: 65px !important;padding-bottom: 0px !important;}&#8220;][vc_column][vc_separator color=&#8220;black&#8220; css=&#8220;.vc_custom_1691935520039{padding-top: 0px !important;}&#8220;][\/vc_column][\/vc_row][vc_row content_text_aligment=&#8220;&#8220; use_row_as_full_screen_section=&#8220;no&#8220; css=&#8220;.vc_custom_1691935430738{padding-top: 5px !important;padding-bottom: 0px !important;}&#8220;][vc_column][vc_row_inner row_content_width=&#8220;grid&#8220; content_text_aligment=&#8220;&#8220; css=&#8220;.vc_custom_1466607936538{margin-right: -20px !important;margin-left: -20px !important;}&#8220;][vc_column_inner css=&#8220;.vc_custom_1468416140285{padding-right: 20px !important;padding-left: 20px !important;}&#8220; offset=&#8220;vc_col-lg-5&#8243;][vc_empty_space height=&#8220;33&#8243;][vc_empty_space height=&#8220;62&#8243;][\/vc_column_inner][vc_column_inner css=&#8220;.vc_custom_1468416147212{padding-right: 20px !important;padding-left: 20px !important;}&#8220; offset=&#8220;vc_col-lg-7&#8243;][vc_empty_space][vc_column_text] Hi, ich bin Julia [&hellip;]\" \/>\n<meta property=\"og:url\" content=\"https:\/\/jules-naeht.de\/\" \/>\n<meta property=\"og:site_name\" content=\"Jules Naeht\" \/>\n<meta property=\"article:modified_time\" content=\"2023-09-04T18:39:31+00:00\" \/>\n<meta name=\"twitter:card\" content=\"summary_large_image\" \/>\n<meta name=\"twitter:label1\" content=\"Gesch\u00e4tzte Lesezeit\" \/>\n\t<meta name=\"twitter:data1\" content=\"2\u00a0Minuten\" \/>\n<script type=\"application\/ld+json\" class=\"yoast-schema-graph\">{\"@context\":\"https:\/\/schema.org\",\"@graph\":[{\"@type\":\"WebPage\",\"@id\":\"https:\/\/jules-naeht.de\/\",\"url\":\"https:\/\/jules-naeht.de\/\",\"name\":\"Home - Jules Naeht\",\"isPartOf\":{\"@id\":\"https:\/\/jules-naeht.de\/#website\"},\"datePublished\":\"2016-06-13T07:45:38+00:00\",\"dateModified\":\"2023-09-04T18:39:31+00:00\",\"breadcrumb\":{\"@id\":\"https:\/\/jules-naeht.de\/#breadcrumb\"},\"inLanguage\":\"de\",\"potentialAction\":[{\"@type\":\"ReadAction\",\"target\":[\"https:\/\/jules-naeht.de\/\"]}]},{\"@type\":\"BreadcrumbList\",\"@id\":\"https:\/\/jules-naeht.de\/#breadcrumb\",\"itemListElement\":[{\"@type\":\"ListItem\",\"position\":1,\"name\":\"Startseite\",\"item\":\"https:\/\/jules-naeht.de\/\"},{\"@type\":\"ListItem\",\"position\":2,\"name\":\"Home\"}]},{\"@type\":\"WebSite\",\"@id\":\"https:\/\/jules-naeht.de\/#website\",\"url\":\"https:\/\/jules-naeht.de\/\",\"name\":\"Jules Naeht\",\"description\":\"\",\"potentialAction\":[{\"@type\":\"SearchAction\",\"target\":{\"@type\":\"EntryPoint\",\"urlTemplate\":\"https:\/\/jules-naeht.de\/?s={search_term_string}\"},\"query-input\":{\"@type\":\"PropertyValueSpecification\",\"valueRequired\":true,\"valueName\":\"search_term_string\"}}],\"inLanguage\":\"de\"}]}<\/script>\n<!-- \/ Yoast SEO plugin. -->","yoast_head_json":{"title":"Home - Jules Naeht","robots":{"index":"index","follow":"follow","max-snippet":"max-snippet:-1","max-image-preview":"max-image-preview:large","max-video-preview":"max-video-preview:-1"},"canonical":"https:\/\/jules-naeht.de\/","og_locale":"de_DE","og_type":"article","og_title":"Home - Jules Naeht","og_description":"[vc_row row_content_width=&#8220;grid&#8220; content_text_aligment=&#8220;&#8220; use_row_as_full_screen_section=&#8220;no&#8220; css=&#8220;.vc_custom_1691935528516{padding-top: 65px !important;padding-bottom: 0px !important;}&#8220;][vc_column][vc_separator color=&#8220;black&#8220; css=&#8220;.vc_custom_1691935520039{padding-top: 0px !important;}&#8220;][\/vc_column][\/vc_row][vc_row content_text_aligment=&#8220;&#8220; use_row_as_full_screen_section=&#8220;no&#8220; css=&#8220;.vc_custom_1691935430738{padding-top: 5px !important;padding-bottom: 0px !important;}&#8220;][vc_column][vc_row_inner row_content_width=&#8220;grid&#8220; content_text_aligment=&#8220;&#8220; css=&#8220;.vc_custom_1466607936538{margin-right: -20px !important;margin-left: -20px !important;}&#8220;][vc_column_inner css=&#8220;.vc_custom_1468416140285{padding-right: 20px !important;padding-left: 20px !important;}&#8220; offset=&#8220;vc_col-lg-5&#8243;][vc_empty_space height=&#8220;33&#8243;][vc_empty_space height=&#8220;62&#8243;][\/vc_column_inner][vc_column_inner css=&#8220;.vc_custom_1468416147212{padding-right: 20px !important;padding-left: 20px !important;}&#8220; offset=&#8220;vc_col-lg-7&#8243;][vc_empty_space][vc_column_text] Hi, ich bin Julia [&hellip;]","og_url":"https:\/\/jules-naeht.de\/","og_site_name":"Jules Naeht","article_modified_time":"2023-09-04T18:39:31+00:00","twitter_card":"summary_large_image","twitter_misc":{"Gesch\u00e4tzte Lesezeit":"2\u00a0Minuten"},"schema":{"@context":"https:\/\/schema.org","@graph":[{"@type":"WebPage","@id":"https:\/\/jules-naeht.de\/","url":"https:\/\/jules-naeht.de\/","name":"Home - Jules Naeht","isPartOf":{"@id":"https:\/\/jules-naeht.de\/#website"},"datePublished":"2016-06-13T07:45:38+00:00","dateModified":"2023-09-04T18:39:31+00:00","breadcrumb":{"@id":"https:\/\/jules-naeht.de\/#breadcrumb"},"inLanguage":"de","potentialAction":[{"@type":"ReadAction","target":["https:\/\/jules-naeht.de\/"]}]},{"@type":"BreadcrumbList","@id":"https:\/\/jules-naeht.de\/#breadcrumb","itemListElement":[{"@type":"ListItem","position":1,"name":"Startseite","item":"https:\/\/jules-naeht.de\/"},{"@type":"ListItem","position":2,"name":"Home"}]},{"@type":"WebSite","@id":"https:\/\/jules-naeht.de\/#website","url":"https:\/\/jules-naeht.de\/","name":"Jules Naeht","description":"","potentialAction":[{"@type":"SearchAction","target":{"@type":"EntryPoint","urlTemplate":"https:\/\/jules-naeht.de\/?s={search_term_string}"},"query-input":{"@type":"PropertyValueSpecification","valueRequired":true,"valueName":"search_term_string"}}],"inLanguage":"de"}]}},"jetpack_sharing_enabled":true,"_links":{"self":[{"href":"https:\/\/jules-naeht.de\/index.php\/wp-json\/wp\/v2\/pages\/8","targetHints":{"allow":["GET"]}}],"collection":[{"href":"https:\/\/jules-naeht.de\/index.php\/wp-json\/wp\/v2\/pages"}],"about":[{"href":"https:\/\/jules-naeht.de\/index.php\/wp-json\/wp\/v2\/types\/page"}],"author":[{"embeddable":true,"href":"https:\/\/jules-naeht.de\/index.php\/wp-json\/wp\/v2\/users\/1"}],"replies":[{"embeddable":true,"href":"https:\/\/jules-naeht.de\/index.php\/wp-json\/wp\/v2\/comments?post=8"}],"version-history":[{"count":74,"href":"https:\/\/jules-naeht.de\/index.php\/wp-json\/wp\/v2\/pages\/8\/revisions"}],"predecessor-version":[{"id":5322,"href":"https:\/\/jules-naeht.de\/index.php\/wp-json\/wp\/v2\/pages\/8\/revisions\/5322"}],"wp:attachment":[{"href":"https:\/\/jules-naeht.de\/index.php\/wp-json\/wp\/v2\/media?parent=8"}],"curies":[{"name":"wp","href":"https:\/\/api.w.org\/{rel}","templated":true}]}}